{"id":581,"date":"2017-10-09T18:09:14","date_gmt":"2017-10-09T18:09:14","guid":{"rendered":"https:\/\/babysparks.com\/?page_id=581"},"modified":"2025-11-27T06:10:02","modified_gmt":"2025-11-27T14:10:02","slug":"about-us","status":"publish","type":"page","link":"https:\/\/babysparks.com\/es\/about-us\/","title":{"rendered":"Qui\u00e9nes somos"},"content":{"rendered":"<div class=\"wpb-content-wrapper\"><p class=\"ai-optimize-6\">[vc_row dfd_bg_style=\u00bbcanvas\u00bb dfd_bg_image_canvas=\u00bb716&#8243; dfd_bg_image_repeat_canvas=\u00bbno-repeat\u00bb dfd_enable_overlay=\u00bb\u00bb][vc_column]<div class=\"dfd-spacer-module\"  data-units=\"%\" data-wide_resolution=\"1280\" data-wide_size=\"30\" data-normal_resolution=\"1024\" data-normal_size=\"20\" data-tablet_resolution=\"800\" data-tablet_size=\"\" data-mobile_resolution=\"480\" data-mobile_size=\"\" style=\"height: 30px;\"><\/div>[vc_row_inner css=\u00bb.vc_custom_1507577518248{padding-top: 60px !important;padding-bottom: 60px !important;}\u00bb][vc_column_inner width=\u00bb2\/3&#8243;][vc_column_text el_class=\u00bbtext-about\u00bb]En BabySparks, nosotros tambi\u00e9n somos padres. Hemos vivido la alegr\u00eda, el cansancio y la incertidumbre que vienen con la crianza, y sabemos lo importante que es sentirse acompa\u00f1ado en el camino.<\/p>\n<p class=\"ai-optimize-7\">Nuestra misi\u00f3n es brindar a los padres el conocimiento y las herramientas necesarias para ayudar a sus hijos a alcanzar su m\u00e1ximo potencial, desde el embarazo hasta la adolescencia.<\/p>\n<p class=\"ai-optimize-8\">Reunimos a un equipo de especialistas en desarrollo infantil, expertos en crianza e innovadores en tecnolog\u00eda para crear programas basados en la investigaci\u00f3n que se adaptan a la vida real. Con BabySparks, puedes acceder a actividades de desarrollo personalizadas, clases en l\u00ednea dirigidas por expertos, asesor\u00edas privadas y orientaci\u00f3n 24\/7 de nuestra experta en crianza con inteligencia artificial, Ava, todo dise\u00f1ado para que la crianza sea m\u00e1s sencilla, segura y conectada.<\/p>\n<p class=\"ai-optimize-9\">La vida pasa r\u00e1pido. BabySparks te ayuda a aprovechar cada momento, apoyando el crecimiento de tu hijo y ayud\u00e1ndote a disfrutar juntos del camino.[\/vc_column_text][\/vc_column_inner][vc_column_inner width=\u00bb1\/3&#8243;][\/vc_column_inner][\/vc_row_inner]<div class=\"dfd-spacer-module\"  data-units=\"%\" data-wide_resolution=\"1280\" data-wide_size=\"60\" data-normal_resolution=\"1024\" data-normal_size=\"\" data-tablet_resolution=\"800\" data-tablet_size=\"\" data-mobile_resolution=\"480\" data-mobile_size=\"\" style=\"height: 60px;\"><\/div>[\/vc_column][\/vc_row]<\/p>\n<\/div>","protected":false},"excerpt":{"rendered":"<p>[vc_row dfd_bg_style=\u00bbcanvas\u00bb dfd_bg_image_canvas=\u00bb716&#8243; dfd_bg_image_repeat_canvas=\u00bbno-repeat\u00bb dfd_enable_overlay=\u00bb\u00bb][vc_column][vc_row_inner css=\u00bb.vc_custom_1507577518248{padding-top: 60px !important;padding-bottom: 60px !important;}\u00bb][vc_column_inner width=\u00bb2\/3&#8243;][vc_column_text el_class=\u00bbtext-about\u00bb]En BabySparks, nosotros tambi\u00e9n somos padres. Hemos vivido la alegr\u00eda, el cansancio y la incertidumbre que vienen con la<\/p>\n","protected":false},"author":3,"featured_media":0,"parent":0,"menu_order":0,"comment_status":"closed","ping_status":"closed","template":"page-custom-with-header.php","meta":{"_acf_changed":false,"inline_featured_image":false,"footnotes":""},"class_list":["post-581","page","type-page","status-publish","hentry"],"translation":{"provider":"WPGlobus","version":"2.12.2","language":"es","enabled_languages":["en","es"],"languages":{"en":{"title":true,"content":true,"excerpt":false},"es":{"title":true,"content":true,"excerpt":false}}},"acf":[],"yoast_head":"<!-- This site is optimized with the Yoast SEO Premium plugin v25.2 (Yoast SEO v25.2) - https:\/\/yoast.com\/wordpress\/plugins\/seo\/ -->\n<title>Qui\u00e9nes somos - BabySparks<\/title>\n<meta name=\"robots\" content=\"index, follow, max-snippet:-1, max-image-preview:large, max-video-preview:-1\" \/>\n<link rel=\"canonical\" href=\"https:\/\/s-use-1.babysparks.com\/about-us\/\" \/>\n<meta property=\"og:locale\" content=\"es_ES\" \/>\n<meta property=\"og:type\" content=\"article\" \/>\n<meta property=\"og:title\" content=\"Qui\u00e9nes somos - BabySparks\" \/>\n<meta property=\"og:url\" content=\"https:\/\/s-use-1.babysparks.com\/about-us\/\" \/>\n<meta property=\"og:site_name\" content=\"BabySparks\" \/>\n<meta property=\"article:modified_time\" content=\"2025-11-27T14:10:02+00:00\" \/>\n<meta name=\"twitter:card\" content=\"summary_large_image\" \/>\n<meta name=\"twitter:label1\" content=\"Tiempo de lectura\" \/>\n\t<meta name=\"twitter:data1\" content=\"1 minuto\" \/>\n<script type=\"application\/ld+json\" class=\"yoast-schema-graph\">{\"@context\":\"https:\/\/schema.org\",\"@graph\":[{\"@type\":\"WebPage\",\"@id\":\"https:\/\/s-use-1.babysparks.com\/about-us\/\",\"url\":\"https:\/\/s-use-1.babysparks.com\/about-us\/\",\"name\":\"Qui\u00e9nes somos - BabySparks\",\"isPartOf\":{\"@id\":\"https:\/\/www1.babysparks.com\/#website\"},\"datePublished\":\"2017-10-09T18:09:14+00:00\",\"dateModified\":\"2025-11-27T14:10:02+00:00\",\"breadcrumb\":{\"@id\":\"https:\/\/s-use-1.babysparks.com\/about-us\/#breadcrumb\"},\"inLanguage\":\"es\",\"potentialAction\":[{\"@type\":\"ReadAction\",\"target\":[\"https:\/\/s-use-1.babysparks.com\/about-us\/\"]}]},{\"@type\":\"BreadcrumbList\",\"@id\":\"https:\/\/s-use-1.babysparks.com\/about-us\/#breadcrumb\",\"itemListElement\":[{\"@type\":\"ListItem\",\"position\":1,\"name\":\"Home\",\"item\":\"https:\/\/sites.babysparks.com\/\"},{\"@type\":\"ListItem\",\"position\":2,\"name\":\"About us\"}]},{\"@type\":\"WebSite\",\"@id\":\"https:\/\/www1.babysparks.com\/#website\",\"url\":\"https:\/\/www1.babysparks.com\/\",\"name\":\"BabySparks\",\"description\":\"The parenting expert in your pocket\",\"publisher\":{\"@id\":\"https:\/\/www1.babysparks.com\/#organization\"},\"potentialAction\":[{\"@type\":\"SearchAction\",\"target\":{\"@type\":\"EntryPoint\",\"urlTemplate\":\"https:\/\/www1.babysparks.com\/?s={search_term_string}\"},\"query-input\":{\"@type\":\"PropertyValueSpecification\",\"valueRequired\":true,\"valueName\":\"search_term_string\"}}],\"inLanguage\":\"es\"},{\"@type\":\"Organization\",\"@id\":\"https:\/\/www1.babysparks.com\/#organization\",\"name\":\"BabySparks, Inc.\",\"url\":\"https:\/\/www1.babysparks.com\/\",\"logo\":{\"@type\":\"ImageObject\",\"inLanguage\":\"es\",\"@id\":\"https:\/\/www1.babysparks.com\/#\/schema\/logo\/image\/\",\"url\":\"https:\/\/union.babysparks.com\/wp-content\/uploads\/2017\/11\/BS_footer.png\",\"contentUrl\":\"https:\/\/union.babysparks.com\/wp-content\/uploads\/2017\/11\/BS_footer.png\",\"width\":250,\"height\":69,\"caption\":\"BabySparks, Inc.\"},\"image\":{\"@id\":\"https:\/\/www1.babysparks.com\/#\/schema\/logo\/image\/\"}}]}<\/script>\n<!-- \/ Yoast SEO Premium plugin. -->","yoast_head_json":{"title":"Qui\u00e9nes somos - BabySparks","robots":{"index":"index","follow":"follow","max-snippet":"max-snippet:-1","max-image-preview":"max-image-preview:large","max-video-preview":"max-video-preview:-1"},"canonical":"https:\/\/s-use-1.babysparks.com\/about-us\/","og_locale":"es_ES","og_type":"article","og_title":"Qui\u00e9nes somos - BabySparks","og_url":"https:\/\/s-use-1.babysparks.com\/about-us\/","og_site_name":"BabySparks","article_modified_time":"2025-11-27T14:10:02+00:00","twitter_card":"summary_large_image","twitter_misc":{"Tiempo de lectura":"1 minuto"},"schema":{"@context":"https:\/\/schema.org","@graph":[{"@type":"WebPage","@id":"https:\/\/s-use-1.babysparks.com\/about-us\/","url":"https:\/\/s-use-1.babysparks.com\/about-us\/","name":"Qui\u00e9nes somos - BabySparks","isPartOf":{"@id":"https:\/\/www1.babysparks.com\/#website"},"datePublished":"2017-10-09T18:09:14+00:00","dateModified":"2025-11-27T14:10:02+00:00","breadcrumb":{"@id":"https:\/\/s-use-1.babysparks.com\/about-us\/#breadcrumb"},"inLanguage":"es","potentialAction":[{"@type":"ReadAction","target":["https:\/\/s-use-1.babysparks.com\/about-us\/"]}]},{"@type":"BreadcrumbList","@id":"https:\/\/s-use-1.babysparks.com\/about-us\/#breadcrumb","itemListElement":[{"@type":"ListItem","position":1,"name":"Home","item":"https:\/\/sites.babysparks.com\/"},{"@type":"ListItem","position":2,"name":"About us"}]},{"@type":"WebSite","@id":"https:\/\/www1.babysparks.com\/#website","url":"https:\/\/www1.babysparks.com\/","name":"BabySparks","description":"The parenting expert in your pocket","publisher":{"@id":"https:\/\/www1.babysparks.com\/#organization"},"potentialAction":[{"@type":"SearchAction","target":{"@type":"EntryPoint","urlTemplate":"https:\/\/www1.babysparks.com\/?s={search_term_string}"},"query-input":{"@type":"PropertyValueSpecification","valueRequired":true,"valueName":"search_term_string"}}],"inLanguage":"es"},{"@type":"Organization","@id":"https:\/\/www1.babysparks.com\/#organization","name":"BabySparks, Inc.","url":"https:\/\/www1.babysparks.com\/","logo":{"@type":"ImageObject","inLanguage":"es","@id":"https:\/\/www1.babysparks.com\/#\/schema\/logo\/image\/","url":"https:\/\/union.babysparks.com\/wp-content\/uploads\/2017\/11\/BS_footer.png","contentUrl":"https:\/\/union.babysparks.com\/wp-content\/uploads\/2017\/11\/BS_footer.png","width":250,"height":69,"caption":"BabySparks, Inc."},"image":{"@id":"https:\/\/www1.babysparks.com\/#\/schema\/logo\/image\/"}}]}},"_links":{"self":[{"href":"https:\/\/babysparks.com\/es\/wp-json\/wp\/v2\/pages\/581","targetHints":{"allow":["GET"]}}],"collection":[{"href":"https:\/\/babysparks.com\/es\/wp-json\/wp\/v2\/pages"}],"about":[{"href":"https:\/\/babysparks.com\/es\/wp-json\/wp\/v2\/types\/page"}],"author":[{"embeddable":true,"href":"https:\/\/babysparks.com\/es\/wp-json\/wp\/v2\/users\/3"}],"replies":[{"embeddable":true,"href":"https:\/\/babysparks.com\/es\/wp-json\/wp\/v2\/comments?post=581"}],"version-history":[{"count":29,"href":"https:\/\/babysparks.com\/es\/wp-json\/wp\/v2\/pages\/581\/revisions"}],"predecessor-version":[{"id":26151,"href":"https:\/\/babysparks.com\/es\/wp-json\/wp\/v2\/pages\/581\/revisions\/26151"}],"wp:attachment":[{"href":"https:\/\/babysparks.com\/es\/wp-json\/wp\/v2\/media?parent=581"}],"curies":[{"name":"wp","href":"https:\/\/api.w.org\/{rel}","templated":true}]}}